{"id":128242,"date":"2021-10-15T12:40:48","date_gmt":"2021-10-15T10:40:48","guid":{"rendered":"http:\/\/addiction-dev.addictionlab.it\/unsere-produkte\/smartco\/"},"modified":"2025-09-11T11:55:09","modified_gmt":"2025-09-11T09:55:09","slug":"smartco","status":"publish","type":"page","link":"https:\/\/www.addiction.it\/de\/unsere-produkte\/smartco\/","title":{"rendered":"SmartCo\u2122"},"content":{"rendered":"","protected":false},"excerpt":{"rendered":"","protected":false},"author":1,"featured_media":0,"parent":128228,"menu_order":8,"comment_status":"closed","ping_status":"closed","template":"page-templates\/product-detail.php","meta":{"inline_featured_image":false},"acf":[],"yoast_head":"<!-- This site is optimized with the Yoast SEO plugin v20.1 - https:\/\/yoast.com\/wordpress\/plugins\/seo\/ -->\n<title>SmartCo\u2122, die App f\u00fcr Unternehmenskommunikation - Addiction<\/title>\n<meta name=\"description\" content=\"M\u00f6chtest du die interne Kommunikation im Unternehmen verbessern und die Mitarbeiterbindung st\u00e4rken? Erfahre, warum SmartCo die richtige L\u00f6sung f\u00fcr dich ist.\" \/>\n<meta name=\"robots\" content=\"index, follow, max-snippet:-1, max-image-preview:large, max-video-preview:-1\" \/>\n<link rel=\"canonical\" href=\"https:\/\/www.addiction.it\/de\/unsere-produkte\/smartco\/\" \/>\n<meta property=\"og:locale\" content=\"de_DE\" \/>\n<meta property=\"og:type\" content=\"article\" \/>\n<meta property=\"og:title\" content=\"SmartCo\u2122, die App f\u00fcr Unternehmenskommunikation - Addiction\" \/>\n<meta property=\"og:description\" content=\"M\u00f6chtest du die interne Kommunikation im Unternehmen verbessern und die Mitarbeiterbindung st\u00e4rken? Erfahre, warum SmartCo die richtige L\u00f6sung f\u00fcr dich ist.\" \/>\n<meta property=\"og:url\" content=\"https:\/\/www.addiction.it\/de\/unsere-produkte\/smartco\/\" \/>\n<meta property=\"og:site_name\" content=\"Addiction\" \/>\n<meta property=\"article:modified_time\" content=\"2025-09-11T09:55:09+00:00\" \/>\n<meta name=\"twitter:card\" content=\"summary_large_image\" \/>\n<script type=\"application\/ld+json\" class=\"yoast-schema-graph\">{\"@context\":\"https:\/\/schema.org\",\"@graph\":[{\"@type\":\"WebPage\",\"@id\":\"https:\/\/www.addiction.it\/de\/unsere-produkte\/smartco\/\",\"url\":\"https:\/\/www.addiction.it\/de\/unsere-produkte\/smartco\/\",\"name\":\"SmartCo\u2122, die App f\u00fcr Unternehmenskommunikation - Addiction\",\"isPartOf\":{\"@id\":\"https:\/\/www.addiction.it\/de\/#website\"},\"datePublished\":\"2021-10-15T10:40:48+00:00\",\"dateModified\":\"2025-09-11T09:55:09+00:00\",\"description\":\"M\u00f6chtest du die interne Kommunikation im Unternehmen verbessern und die Mitarbeiterbindung st\u00e4rken? Erfahre, warum SmartCo die richtige L\u00f6sung f\u00fcr dich ist.\",\"breadcrumb\":{\"@id\":\"https:\/\/www.addiction.it\/de\/unsere-produkte\/smartco\/#breadcrumb\"},\"inLanguage\":\"de-DE\",\"potentialAction\":[{\"@type\":\"ReadAction\",\"target\":[\"https:\/\/www.addiction.it\/de\/unsere-produkte\/smartco\/\"]}]},{\"@type\":\"BreadcrumbList\",\"@id\":\"https:\/\/www.addiction.it\/de\/unsere-produkte\/smartco\/#breadcrumb\",\"itemListElement\":[{\"@type\":\"ListItem\",\"position\":1,\"name\":\"Unsere Produkte\",\"item\":\"https:\/\/www.addiction.it\/de\/unsere-produkte\/\"},{\"@type\":\"ListItem\",\"position\":2,\"name\":\"SmartCo\u2122\"}]},{\"@type\":\"WebSite\",\"@id\":\"https:\/\/www.addiction.it\/de\/#website\",\"url\":\"https:\/\/www.addiction.it\/de\/\",\"name\":\"Addiction\",\"description\":\"Digital Pioneers\",\"potentialAction\":[{\"@type\":\"SearchAction\",\"target\":{\"@type\":\"EntryPoint\",\"urlTemplate\":\"https:\/\/www.addiction.it\/de\/?s={search_term_string}\"},\"query-input\":\"required name=search_term_string\"}],\"inLanguage\":\"de-DE\"}]}<\/script>\n<!-- \/ Yoast SEO plugin. -->","yoast_head_json":{"title":"SmartCo\u2122, die App f\u00fcr Unternehmenskommunikation - Addiction","description":"M\u00f6chtest du die interne Kommunikation im Unternehmen verbessern und die Mitarbeiterbindung st\u00e4rken? Erfahre, warum SmartCo die richtige L\u00f6sung f\u00fcr dich ist.","robots":{"index":"index","follow":"follow","max-snippet":"max-snippet:-1","max-image-preview":"max-image-preview:large","max-video-preview":"max-video-preview:-1"},"canonical":"https:\/\/www.addiction.it\/de\/unsere-produkte\/smartco\/","og_locale":"de_DE","og_type":"article","og_title":"SmartCo\u2122, die App f\u00fcr Unternehmenskommunikation - Addiction","og_description":"M\u00f6chtest du die interne Kommunikation im Unternehmen verbessern und die Mitarbeiterbindung st\u00e4rken? Erfahre, warum SmartCo die richtige L\u00f6sung f\u00fcr dich ist.","og_url":"https:\/\/www.addiction.it\/de\/unsere-produkte\/smartco\/","og_site_name":"Addiction","article_modified_time":"2025-09-11T09:55:09+00:00","twitter_card":"summary_large_image","schema":{"@context":"https:\/\/schema.org","@graph":[{"@type":"WebPage","@id":"https:\/\/www.addiction.it\/de\/unsere-produkte\/smartco\/","url":"https:\/\/www.addiction.it\/de\/unsere-produkte\/smartco\/","name":"SmartCo\u2122, die App f\u00fcr Unternehmenskommunikation - Addiction","isPartOf":{"@id":"https:\/\/www.addiction.it\/de\/#website"},"datePublished":"2021-10-15T10:40:48+00:00","dateModified":"2025-09-11T09:55:09+00:00","description":"M\u00f6chtest du die interne Kommunikation im Unternehmen verbessern und die Mitarbeiterbindung st\u00e4rken? Erfahre, warum SmartCo die richtige L\u00f6sung f\u00fcr dich ist.","breadcrumb":{"@id":"https:\/\/www.addiction.it\/de\/unsere-produkte\/smartco\/#breadcrumb"},"inLanguage":"de-DE","potentialAction":[{"@type":"ReadAction","target":["https:\/\/www.addiction.it\/de\/unsere-produkte\/smartco\/"]}]},{"@type":"BreadcrumbList","@id":"https:\/\/www.addiction.it\/de\/unsere-produkte\/smartco\/#breadcrumb","itemListElement":[{"@type":"ListItem","position":1,"name":"Unsere Produkte","item":"https:\/\/www.addiction.it\/de\/unsere-produkte\/"},{"@type":"ListItem","position":2,"name":"SmartCo\u2122"}]},{"@type":"WebSite","@id":"https:\/\/www.addiction.it\/de\/#website","url":"https:\/\/www.addiction.it\/de\/","name":"Addiction","description":"Digital Pioneers","potentialAction":[{"@type":"SearchAction","target":{"@type":"EntryPoint","urlTemplate":"https:\/\/www.addiction.it\/de\/?s={search_term_string}"},"query-input":"required name=search_term_string"}],"inLanguage":"de-DE"}]}},"_links":{"self":[{"href":"https:\/\/www.addiction.it\/de\/wp-json\/wp\/v2\/pages\/128242"}],"collection":[{"href":"https:\/\/www.addiction.it\/de\/wp-json\/wp\/v2\/pages"}],"about":[{"href":"https:\/\/www.addiction.it\/de\/wp-json\/wp\/v2\/types\/page"}],"author":[{"embeddable":true,"href":"https:\/\/www.addiction.it\/de\/wp-json\/wp\/v2\/users\/1"}],"replies":[{"embeddable":true,"href":"https:\/\/www.addiction.it\/de\/wp-json\/wp\/v2\/comments?post=128242"}],"version-history":[{"count":2,"href":"https:\/\/www.addiction.it\/de\/wp-json\/wp\/v2\/pages\/128242\/revisions"}],"predecessor-version":[{"id":128258,"href":"https:\/\/www.addiction.it\/de\/wp-json\/wp\/v2\/pages\/128242\/revisions\/128258"}],"up":[{"embeddable":true,"href":"https:\/\/www.addiction.it\/de\/wp-json\/wp\/v2\/pages\/128228"}],"wp:attachment":[{"href":"https:\/\/www.addiction.it\/de\/wp-json\/wp\/v2\/media?parent=128242"}],"curies":[{"name":"wp","href":"https:\/\/api.w.org\/{rel}","templated":true}]}}